{"id":8,"date":"2014-04-16T19:09:24","date_gmt":"2014-04-16T18:09:24","guid":{"rendered":"http:\/\/www.malvinagermain.fr\/?page_id=8"},"modified":"2014-05-04T14:07:59","modified_gmt":"2014-05-04T13:07:59","slug":"bio","status":"publish","type":"page","link":"https:\/\/www.malvinagermain.fr\/?page_id=8","title":{"rendered":"Pr\u00e9sentation"},"content":{"rendered":"<p style=\"text-align: center;\"><a href=\"http:\/\/www.malvinagermain.fr\/wp-content\/uploads\/2014\/04\/DSC_0963.gif\"><img loading=\"lazy\" decoding=\"async\" class=\"aligncenter wp-image-99 size-medium\" src=\"http:\/\/www.malvinagermain.fr\/wp-content\/uploads\/2014\/04\/DSC_0963-200x300.gif\" alt=\"\" width=\"200\" height=\"300\" \/><\/a><\/p>\n<p style=\"text-align: center;\">\u00ab\u00a0 D\u00e8s l\u2019\u00e2ge de huit ans, Malvina est all\u00e9e \u00e0 l\u2019\u00e9cole des enfants du spectacle \u00e0 Paris. L\u00e0-bas, elle a \u00e9t\u00e9 form\u00e9e aux arts de la sc\u00e8ne et aux arts plastiques.<\/p>\n<p style=\"text-align: center;\">Elle a effectu\u00e9 une carri\u00e8re de danseuse, puis de com\u00e9dienne. Mais elle n\u2019a jamais cess\u00e9 la pratique des arts plastiques qu\u2019elle a d\u00e9velopp\u00e9 en parall\u00e8le durant toutes ces ann\u00e9es.<\/p>\n<p style=\"text-align: center;\">Mais\u00a0 c\u2019est en 2005 apr\u00e8s sa rencontre avec Philippe M\u00e9nard qu\u2019elle d\u00e9couvrit l\u2019art de la c\u00e9ramique. Depuis, Malvina d\u00e9crit cette rencontre avec la terre comme un coup de foudre. \u00ab\u00a0C\u2019est une chance que Philippe ait accept\u00e9 de partager avec moi son savoir, sa\u00a0 passion et m\u2019ait ouvert son four \u00e0 bois\u00a0\u00bb explique t-elle. Et tout naturellement, la c\u00e9ramique s\u2019est int\u00e9gr\u00e9e \u00e0 son chemin artistique.<\/p>\n<p style=\"text-align: center;\">La mati\u00e8re est un support fondamental de son travail qui transcende la forme. Elle se tourne vers les \u00eatres et la nature pour trouver une expression personnelle.<\/p>\n<p style=\"text-align: center;\">Fascin\u00e9e par toutes les techniques de c\u00e9ramiques, elle se sert des diff\u00e9rentes cuissons et des diff\u00e9rentes terres pour obtenir des effets multiples. \u00ab\u00a0Les cuissons gallo-romaines, les cuissons primitives, au feu de bois, au gaz\u2026 Ce travail l\u00e0, m\u00e9lang\u00e9 aux engobes, aux \u00e9maux, \u00e0 l\u2019enfumage\u2026 les solutions sont infinies, c\u2019est magique\u00a0!\u00a0\u00bb<\/p>\n<p style=\"text-align: center;\">L\u2019exploration sans fin ne fait que commencer pour cette artiste passionn\u00e9e qui va m\u00eame jusqu&rsquo;\u00e0 m\u00e9langer le bois et la c\u00e9ramique dans des tableaux singuliers.\u00a0\u00bb<\/p>\n<p style=\"text-align: center;\">S.L<\/p>\n","protected":false},"excerpt":{"rendered":"<p>\u00ab\u00a0 D\u00e8s l\u2019\u00e2ge de huit ans, Malvina est all\u00e9e \u00e0 l\u2019\u00e9cole des enfants du spectacle \u00e0 Paris. L\u00e0-bas, elle a \u00e9t\u00e9 form\u00e9e aux arts de la sc\u00e8ne et aux arts plastiques. Elle a effectu\u00e9 une carri\u00e8re de danseuse, puis de com\u00e9dienne. Mais elle n\u2019a jamais cess\u00e9 la pratique des arts plastiques qu\u2019elle a d\u00e9velopp\u00e9 en &#8230;<\/p>\n","protected":false},"author":1,"featured_media":0,"parent":0,"menu_order":1,"comment_status":"open","ping_status":"open","template":"","meta":{"footnotes":"","_links_to":"","_links_to_target":""},"class_list":["post-8","page","type-page","status-publish","hentry"],"_links":{"self":[{"href":"https:\/\/www.malvinagermain.fr\/index.php?rest_route=\/wp\/v2\/pages\/8","targetHints":{"allow":["GET"]}}],"collection":[{"href":"https:\/\/www.malvinagermain.fr\/index.php?rest_route=\/wp\/v2\/pages"}],"about":[{"href":"https:\/\/www.malvinagermain.fr\/index.php?rest_route=\/wp\/v2\/types\/page"}],"author":[{"embeddable":true,"href":"https:\/\/www.malvinagermain.fr\/index.php?rest_route=\/wp\/v2\/users\/1"}],"replies":[{"embeddable":true,"href":"https:\/\/www.malvinagermain.fr\/index.php?rest_route=%2Fwp%2Fv2%2Fcomments&post=8"}],"version-history":[{"count":7,"href":"https:\/\/www.malvinagermain.fr\/index.php?rest_route=\/wp\/v2\/pages\/8\/revisions"}],"predecessor-version":[{"id":151,"href":"https:\/\/www.malvinagermain.fr\/index.php?rest_route=\/wp\/v2\/pages\/8\/revisions\/151"}],"wp:attachment":[{"href":"https:\/\/www.malvinagermain.fr\/index.php?rest_route=%2Fwp%2Fv2%2Fmedia&parent=8"}],"curies":[{"name":"wp","href":"https:\/\/api.w.org\/{rel}","templated":true}]}}